{"id":70,"date":"2015-06-02T07:27:17","date_gmt":"2015-06-02T05:27:17","guid":{"rendered":"https:\/\/www.gymnastik-club-dickschied.de\/?page_id=70"},"modified":"2020-07-12T15:17:28","modified_gmt":"2020-07-12T13:17:28","slug":"galerie","status":"publish","type":"page","link":"https:\/\/www.gymnastik-club-dickschied.de\/?page_id=70","title":{"rendered":"40-j\u00e4hriges Jubil\u00e4um"},"content":{"rendered":"<p><a href=\"https:\/\/www.gymnastik-club-dickschied.de\/wp-content\/uploads\/2015\/06\/Homepage.gif\"><img loading=\"lazy\" decoding=\"async\" class=\"aligncenter size-large wp-image-112\" src=\"https:\/\/www.gymnastik-club-dickschied.de\/wp-content\/uploads\/2015\/06\/Homepage-1024x695.gif\" alt=\"\" width=\"1024\" height=\"695\" srcset=\"https:\/\/www.gymnastik-club-dickschied.de\/wp-content\/uploads\/2015\/06\/Homepage-1024x695.gif 1024w, https:\/\/www.gymnastik-club-dickschied.de\/wp-content\/uploads\/2015\/06\/Homepage-300x204.gif 300w\" sizes=\"auto, (max-width: 1024px) 100vw, 1024px\" \/><\/a><\/p>\n<p><strong>40 Jahre Gymnastik-Club Dickschied<\/strong><\/p>\n<p>Der Gymnastik-Club Dickschied feierte am 13.06.2015 sein 40 j\u00e4hriges Vereinsjubil\u00e4um. Im Gemeinschaftszentrum Dickschied fand die Feier mit Vertretern der Gemeinde, des Sportkreises, der Dickschieder Vereinen, der evangelischen Kirche und dem Ortsbeirat statt.<\/p>\n<p>Eine besondere \u00dcberraschung hatten wir (auf Initiative von Walter Weber) f\u00fcr unsere Vereinsvorsitzende Beate Weldert parat, den Landrat des Rheingau-Taunus-Kreises, Burkhard Albers. Er \u00fcberreichte unserer Vereinsvorsitzenden den \u201eEhrenbrief des Land Hessen\u201c f\u00fcr 33 Jahre ehrenamtliche T\u00e4tigkeit im Verein. Ebenso wurde unsere Schriftf\u00fchrerin Angelika Schaft \u00fcberrascht. Sie erhielt f\u00fcr 13 Jahre ehrenamtliche T\u00e4tigkeit auch den \u201eEhrenbrief des Land Hessen\u201c.<\/p>\n<p>Im Rahmen der Veranstaltung wurden langj\u00e4hrige Mitglieder, wo auch 4 Gr\u00fcndungsmitglieder dabei waren, geehrt.<\/p>\n<p>F\u00fcr musikalische Untermalungen sorgte die Gruppe \u201eQuerbeet\u201c unter der Leitung von Pfarrer Klaus Simon.<\/p>\n<p>Der offizielle Teil wurde abgerundet durch die Atzmann Tornados mit ihren Tanz \u201eKosakenfeuer\u201c.<\/p>\n<p>Danach \u00fcbernahm DJ Leini die musikalische Gestaltung und es wurde noch ausgelassen bis in die fr\u00fchen Morgenstunden gefeiert. \u00dcber 40 Jahre wurde eine Pr\u00e4sentation gezeigt, die sehr gut angenommen wurde.<\/p>\n<p>Wir bedanken uns bei all den vielen Helfern, die uns beim Aufbau und Abbau geholfen haben. Ein besonderer Dank geht an die Freiwillige Feuerwehr Dickschied, die an diesem Abend die Bewirtung \u00fcbernommen hat.<\/p>\n<p>&nbsp;<\/p>\n<p>&nbsp;<\/p>\n\n\n<p><\/p>\n","protected":false},"excerpt":{"rendered":"<p>40 Jahre Gymnastik-Club Dickschied Der Gymnastik-Club Dickschied feierte am 13.06.2015 sein 40 j\u00e4hriges Vereinsjubil\u00e4um. Im Gemeinschaftszentrum Dickschied fand die Feier mit Vertretern der Gemeinde, des Sportkreises, der Dickschieder Vereinen, der evangelischen Kirche und dem Ortsbeirat statt. Eine besondere \u00dcberraschung hatten wir (auf Initiative von Walter Weber) f\u00fcr unsere Vereinsvorsitzende Beate Weldert parat, den Landrat des &#8230; <a title=\"40-j\u00e4hriges Jubil\u00e4um\" class=\"read-more\" href=\"https:\/\/www.gymnastik-club-dickschied.de\/?page_id=70\" aria-label=\"Mehr Informationen \u00fcber 40-j\u00e4hriges Jubil\u00e4um\">Weiterlesen<\/a><\/p>\n","protected":false},"author":4,"featured_media":0,"parent":0,"menu_order":0,"comment_status":"closed","ping_status":"closed","template":"","meta":{"ngg_post_thumbnail":0,"footnotes":""},"class_list":["post-70","page","type-page","status-publish"],"_links":{"self":[{"href":"https:\/\/www.gymnastik-club-dickschied.de\/index.php?rest_route=\/wp\/v2\/pages\/70","targetHints":{"allow":["GET"]}}],"collection":[{"href":"https:\/\/www.gymnastik-club-dickschied.de\/index.php?rest_route=\/wp\/v2\/pages"}],"about":[{"href":"https:\/\/www.gymnastik-club-dickschied.de\/index.php?rest_route=\/wp\/v2\/types\/page"}],"author":[{"embeddable":true,"href":"https:\/\/www.gymnastik-club-dickschied.de\/index.php?rest_route=\/wp\/v2\/users\/4"}],"replies":[{"embeddable":true,"href":"https:\/\/www.gymnastik-club-dickschied.de\/index.php?rest_route=%2Fwp%2Fv2%2Fcomments&post=70"}],"version-history":[{"count":23,"href":"https:\/\/www.gymnastik-club-dickschied.de\/index.php?rest_route=\/wp\/v2\/pages\/70\/revisions"}],"predecessor-version":[{"id":1153,"href":"https:\/\/www.gymnastik-club-dickschied.de\/index.php?rest_route=\/wp\/v2\/pages\/70\/revisions\/1153"}],"wp:attachment":[{"href":"https:\/\/www.gymnastik-club-dickschied.de\/index.php?rest_route=%2Fwp%2Fv2%2Fmedia&parent=70"}],"curies":[{"name":"wp","href":"https:\/\/api.w.org\/{rel}","templated":true}]}}