{"id":56,"date":"2015-05-31T15:49:52","date_gmt":"2015-05-31T13:49:52","guid":{"rendered":"https:\/\/www.gymnastik-club-dickschied.de\/?page_id=56"},"modified":"2017-03-22T07:54:29","modified_gmt":"2017-03-22T06:54:29","slug":"sportangebote","status":"publish","type":"page","link":"https:\/\/www.gymnastik-club-dickschied.de\/?page_id=56","title":{"rendered":"Sportangebote"},"content":{"rendered":"<p><span style=\"color: #000000;\"><strong>Fit bis ins Alter (im DGZ)<\/strong><\/span><br \/>\n<strong>Jeden Montag von 19:30 bis 20:30 Uhr<\/strong><br \/>\nKlassische Gymnastik\u00fcbungen, die der allgemeinen Beweglichkeit dienen und auch die Gesundheit f\u00f6rdern wie z.B. St\u00e4rkung der R\u00fcckenmuskulatur und Aufbau der sonstigen Muskulatur.<\/p>\n<p><strong>Tischtennis ( im DGZ)<\/strong><br \/>\n<strong>Jeden Mittwoch von 19:30 bis 21:30 Uhr<\/strong><br \/>\nTischtennis ist ein Sport, der kein Alter kennt.<\/p>\n<p><strong>Fitness und Gesundheit (im DGZ)<\/strong><br \/>\n<strong>Jeden Donnerstag von 19:30 bis 20:30 Uhr<\/strong><\/p>\n<ul>\n<li>Fatburning<\/li>\n<li>Koordinationsschulung<\/li>\n<li>Stretching<\/li>\n<li>Funktionsgymnastik zur Kr\u00e4ftigung des St\u00fctz- und Bewegungsapparates<\/li>\n<li>Entspannung<\/li>\n<li>R\u00fcckenschule<\/li>\n<\/ul>\n<p><strong>Montag bis Freitag Walking<\/strong><br \/>\n<strong>Uhrzeit zu erfragen bei Ute Frick (Tel.: 06775 &#8211; 404)<\/strong><br \/>\nDie Runde ist 2 km lang und f\u00fchrt rund um den Atzmann. Der Ein- und Ausstieg<br \/>\n(Zeit und Rundenzahl) ist jederzeit m\u00f6glich.<\/p>\n","protected":false},"excerpt":{"rendered":"<p>Fit bis ins Alter (im DGZ) Jeden Montag von 19:30 bis 20:30 Uhr Klassische Gymnastik\u00fcbungen, die der allgemeinen Beweglichkeit dienen und auch die Gesundheit f\u00f6rdern wie z.B. St\u00e4rkung der R\u00fcckenmuskulatur und Aufbau der sonstigen Muskulatur. Tischtennis ( im DGZ) Jeden Mittwoch von 19:30 bis 21:30 Uhr Tischtennis ist ein Sport, der kein Alter kennt. Fitness &#8230; <a title=\"Sportangebote\" class=\"read-more\" href=\"https:\/\/www.gymnastik-club-dickschied.de\/?page_id=56\" aria-label=\"Mehr Informationen \u00fcber Sportangebote\">Weiterlesen<\/a><\/p>\n","protected":false},"author":4,"featured_media":0,"parent":0,"menu_order":0,"comment_status":"closed","ping_status":"closed","template":"","meta":{"ngg_post_thumbnail":0,"footnotes":""},"class_list":["post-56","page","type-page","status-publish"],"_links":{"self":[{"href":"https:\/\/www.gymnastik-club-dickschied.de\/index.php?rest_route=\/wp\/v2\/pages\/56","targetHints":{"allow":["GET"]}}],"collection":[{"href":"https:\/\/www.gymnastik-club-dickschied.de\/index.php?rest_route=\/wp\/v2\/pages"}],"about":[{"href":"https:\/\/www.gymnastik-club-dickschied.de\/index.php?rest_route=\/wp\/v2\/types\/page"}],"author":[{"embeddable":true,"href":"https:\/\/www.gymnastik-club-dickschied.de\/index.php?rest_route=\/wp\/v2\/users\/4"}],"replies":[{"embeddable":true,"href":"https:\/\/www.gymnastik-club-dickschied.de\/index.php?rest_route=%2Fwp%2Fv2%2Fcomments&post=56"}],"version-history":[{"count":5,"href":"https:\/\/www.gymnastik-club-dickschied.de\/index.php?rest_route=\/wp\/v2\/pages\/56\/revisions"}],"predecessor-version":[{"id":578,"href":"https:\/\/www.gymnastik-club-dickschied.de\/index.php?rest_route=\/wp\/v2\/pages\/56\/revisions\/578"}],"wp:attachment":[{"href":"https:\/\/www.gymnastik-club-dickschied.de\/index.php?rest_route=%2Fwp%2Fv2%2Fmedia&parent=56"}],"curies":[{"name":"wp","href":"https:\/\/api.w.org\/{rel}","templated":true}]}}