{"id":550,"date":"2017-02-04T17:55:30","date_gmt":"2017-02-04T16:55:30","guid":{"rendered":"https:\/\/www.gymnastik-club-dickschied.de\/?page_id=550"},"modified":"2018-12-08T10:06:47","modified_gmt":"2018-12-08T09:06:47","slug":"fitnesswandertag-2","status":"publish","type":"page","link":"https:\/\/www.gymnastik-club-dickschied.de\/?page_id=550","title":{"rendered":"Fitnesswandertag"},"content":{"rendered":"<p>Am 21.05.2016 traffen wir uns bei strahlendem Sonnenschein am Dickschieder Brunnen.<\/p>\n<p>Von dort aus wanderten wir unter der F\u00fchrung von Gerhard Weldert durch die Felder von Dickschied in Richtung Nauroth.<\/p>\n<p>Unser Weg f\u00fchrte uns an der &#8222;F\u00f6rster-Diller-Eiche&#8220; vorbei, zum &#8222;Vogelh\u00e4uschen&#8220;, wo wir uns \u00fcber die heimische Vogelwelt informierten.<\/p>\n<p>Anschlie\u00dfend wanderten wir nach Nauroth und von dort aus ging es in Richtung &#8222;Naurother Schweiz&#8220;. Bevor wir die wundersch\u00f6nen Feldfomationen bewundern konnten, zeigte uns Gerhard noch die &#8222;Wildweibchens Lay&#8220;. Dort soll der Saga nach eine Frau gelebt haben, die sich durch stricken und spinnen ern\u00e4hrt haben soll. Sie war in Nauroth war sie sehr begehrt. Die H\u00f6hle ist leider an der hinteren Seite eingest\u00fcrzt, sodass man sie nur noch von einer Seite betrachten kann. Vor dem Einsturz konnte man durch die H\u00f6hle gehen und auf der anderen Seite eine &#8222;Treppe&#8220; hinunter.<\/p>\n<p>Dann begann unserer Abstieg in die &#8222;Naurother Schweiz&#8220;. Der schmalen Pfad f\u00fchrte uns entlang eines kleinen Bacheslaufes . Durch die st\u00e4ndige Feuchtigkeit sind die H\u00e4nge mit Moos bewachsen und es herrschte an diesem sonnigen Tag eine angenehmes Klima. An umgest\u00fctzten B\u00e4umen wuchsen unz\u00e4hlige Baumpilze. Der Bachlauf m\u00fcndete in einen kleinen Teich.<\/p>\n<p>Somit hatten wir den Abstieg ins Wispertal geschafft. Im Schatten der B\u00e4ume wanderten wir der Wisper folgend zum &#8222;Hexenm\u00fcller Platz&#8220;. Hier st\u00e4rkten wir uns mit Kaffee, Tee, Wasser und Kuchen.<\/p>\n<p>Nach der St\u00e4rkung lag der Aufstieg nach Dickschied vor uns. Gut gelaunt und voller Tatendrang machten wir uns \u00fcber den &#8222;Heuweg&#8220; auf nach Dickschied. Als wir am Dickschieder Grillplatz vorbei waren, hatten wir einen wundersch\u00f6nen Blick \u00fcber die Gemarkung Dickschied.<\/p>\n<p>Danach ging es in gem\u00fctlichem Tempo hinab nach Dickschied, wo wir den Tag am &#8222;H\u00fcttche&#8220; gem\u00fctlich bis in die sp\u00e4ten Abendstunden ausklingen liesen.&nbsp;<\/p>\n<p><a href=\"https:\/\/www.gymnastik-club-dickschied.de\/?page_id=687\">Bilder von der Wanderung<\/a><\/p>\n","protected":false},"excerpt":{"rendered":"<p>Am 21.05.2016 traffen wir uns bei strahlendem Sonnenschein am Dickschieder Brunnen. Von dort aus wanderten wir unter der F\u00fchrung von Gerhard Weldert durch die Felder von Dickschied in Richtung Nauroth. Unser Weg f\u00fchrte uns an der &#8222;F\u00f6rster-Diller-Eiche&#8220; vorbei, zum &#8222;Vogelh\u00e4uschen&#8220;, wo wir uns \u00fcber die heimische Vogelwelt informierten. Anschlie\u00dfend wanderten wir nach Nauroth und von &#8230; <a title=\"Fitnesswandertag\" class=\"read-more\" href=\"https:\/\/www.gymnastik-club-dickschied.de\/?page_id=550\" aria-label=\"Mehr Informationen \u00fcber Fitnesswandertag\">Weiterlesen<\/a><\/p>\n","protected":false},"author":4,"featured_media":0,"parent":0,"menu_order":0,"comment_status":"closed","ping_status":"closed","template":"","meta":{"ngg_post_thumbnail":0,"footnotes":""},"class_list":["post-550","page","type-page","status-publish"],"_links":{"self":[{"href":"https:\/\/www.gymnastik-club-dickschied.de\/index.php?rest_route=\/wp\/v2\/pages\/550","targetHints":{"allow":["GET"]}}],"collection":[{"href":"https:\/\/www.gymnastik-club-dickschied.de\/index.php?rest_route=\/wp\/v2\/pages"}],"about":[{"href":"https:\/\/www.gymnastik-club-dickschied.de\/index.php?rest_route=\/wp\/v2\/types\/page"}],"author":[{"embeddable":true,"href":"https:\/\/www.gymnastik-club-dickschied.de\/index.php?rest_route=\/wp\/v2\/users\/4"}],"replies":[{"embeddable":true,"href":"https:\/\/www.gymnastik-club-dickschied.de\/index.php?rest_route=%2Fwp%2Fv2%2Fcomments&post=550"}],"version-history":[{"count":3,"href":"https:\/\/www.gymnastik-club-dickschied.de\/index.php?rest_route=\/wp\/v2\/pages\/550\/revisions"}],"predecessor-version":[{"id":695,"href":"https:\/\/www.gymnastik-club-dickschied.de\/index.php?rest_route=\/wp\/v2\/pages\/550\/revisions\/695"}],"wp:attachment":[{"href":"https:\/\/www.gymnastik-club-dickschied.de\/index.php?rest_route=%2Fwp%2Fv2%2Fmedia&parent=550"}],"curies":[{"name":"wp","href":"https:\/\/api.w.org\/{rel}","templated":true}]}}