{"id":310,"date":"2016-03-10T08:15:59","date_gmt":"2016-03-10T07:15:59","guid":{"rendered":"https:\/\/www.gymnastik-club-dickschied.de\/?page_id=310"},"modified":"2020-07-12T13:33:58","modified_gmt":"2020-07-12T11:33:58","slug":"ehrungen","status":"publish","type":"page","link":"https:\/\/www.gymnastik-club-dickschied.de\/?page_id=310","title":{"rendered":"Ehrungen"},"content":{"rendered":"\n<p><strong>2020<\/strong><\/p>\n\n\n\n<figure class=\"wp-block-image size-large\"><img loading=\"lazy\" decoding=\"async\" width=\"1024\" height=\"768\" src=\"https:\/\/www.gymnastik-club-dickschied.de\/wp-content\/uploads\/2020\/07\/IMG-20200710-WA0001-1024x768.jpg\" alt=\"\" class=\"wp-image-816\" srcset=\"https:\/\/www.gymnastik-club-dickschied.de\/wp-content\/uploads\/2020\/07\/IMG-20200710-WA0001-1024x768.jpg 1024w, https:\/\/www.gymnastik-club-dickschied.de\/wp-content\/uploads\/2020\/07\/IMG-20200710-WA0001-300x225.jpg 300w, https:\/\/www.gymnastik-club-dickschied.de\/wp-content\/uploads\/2020\/07\/IMG-20200710-WA0001-768x576.jpg 768w, https:\/\/www.gymnastik-club-dickschied.de\/wp-content\/uploads\/2020\/07\/IMG-20200710-WA0001-1536x1152.jpg 1536w, https:\/\/www.gymnastik-club-dickschied.de\/wp-content\/uploads\/2020\/07\/IMG-20200710-WA0001.jpg 1600w\" sizes=\"auto, (max-width: 1024px) 100vw, 1024px\" \/><figcaption>Christa B\u00f6ttcher wurde f\u00fcr 25 Jahre Mitgliedschaft im Club geehrt.<\/figcaption><\/figure>\n\n\n\n<figure class=\"wp-block-gallery columns-1 is-cropped wp-block-gallery-1 is-layout-flex wp-block-gallery-is-layout-flex\"><ul class=\"blocks-gallery-grid\"><li class=\"blocks-gallery-item\"><figure><img loading=\"lazy\" decoding=\"async\" width=\"1024\" height=\"835\" src=\"https:\/\/www.gymnastik-club-dickschied.de\/wp-content\/uploads\/2020\/07\/IMG_20200709_195352-3-1024x835.jpg\" alt=\"\" data-id=\"817\" data-full-url=\"https:\/\/www.gymnastik-club-dickschied.de\/wp-content\/uploads\/2020\/07\/IMG_20200709_195352-3-scaled.jpg\" data-link=\"https:\/\/www.gymnastik-club-dickschied.de\/?attachment_id=817#main\" class=\"wp-image-817\" srcset=\"https:\/\/www.gymnastik-club-dickschied.de\/wp-content\/uploads\/2020\/07\/IMG_20200709_195352-3-1024x835.jpg 1024w, https:\/\/www.gymnastik-club-dickschied.de\/wp-content\/uploads\/2020\/07\/IMG_20200709_195352-3-300x245.jpg 300w, https:\/\/www.gymnastik-club-dickschied.de\/wp-content\/uploads\/2020\/07\/IMG_20200709_195352-3-768x627.jpg 768w, https:\/\/www.gymnastik-club-dickschied.de\/wp-content\/uploads\/2020\/07\/IMG_20200709_195352-3-1536x1253.jpg 1536w, https:\/\/www.gymnastik-club-dickschied.de\/wp-content\/uploads\/2020\/07\/IMG_20200709_195352-3-2048x1671.jpg 2048w\" sizes=\"auto, (max-width: 1024px) 100vw, 1024px\" \/><\/figure><\/li><\/ul><figcaption class=\"blocks-gallery-caption\">Beate Weldert wurde f\u00fcr 40 Jahre Mitgliedschaft im Club geehrte.<\/figcaption><\/figure>\n\n\n\n<p><strong>2015<\/strong><\/p>\n\n\n<p><figure id=\"attachment_307\" aria-describedby=\"caption-attachment-307\" style=\"width: 193px\" class=\"wp-caption aligncenter\"><a href=\"https:\/\/www.gymnastik-club-dickschied.de\/?attachment_id=307\" rel=\"attachment wp-att-307\"><img loading=\"lazy\" decoding=\"async\" class=\"wp-image-307\" src=\"https:\/\/www.gymnastik-club-dickschied.de\/wp-content\/uploads\/2015\/05\/IMG_3038-225x300.jpg\" alt=\"IMG_3038\" width=\"203\" height=\"271\" srcset=\"https:\/\/www.gymnastik-club-dickschied.de\/wp-content\/uploads\/2015\/05\/IMG_3038-225x300.jpg 225w, https:\/\/www.gymnastik-club-dickschied.de\/wp-content\/uploads\/2015\/05\/IMG_3038-768x1024.jpg 768w\" sizes=\"auto, (max-width: 203px) 100vw, 203px\" \/><\/a><figcaption id=\"caption-attachment-307\" class=\"wp-caption-text\">Ursula Crisan erh\u00e4lt ihr Urkunde f\u00fcr \u00fcber 30 Jahre Mitgliedschaft im Club von Beate Weldert<\/figcaption><\/figure><br>\n<figure id=\"attachment_313\" aria-describedby=\"caption-attachment-313\" style=\"width: 265px\" class=\"wp-caption aligncenter\"><a href=\"https:\/\/www.gymnastik-club-dickschied.de\/?attachment_id=313\" rel=\"attachment wp-att-313\"><img loading=\"lazy\" decoding=\"async\" class=\"wp-image-313\" src=\"https:\/\/www.gymnastik-club-dickschied.de\/wp-content\/uploads\/2016\/03\/Schneider-300x296.jpg\" alt=\"Schneider\" width=\"275\" height=\"272\" srcset=\"https:\/\/www.gymnastik-club-dickschied.de\/wp-content\/uploads\/2016\/03\/Schneider-300x296.jpg 300w, https:\/\/www.gymnastik-club-dickschied.de\/wp-content\/uploads\/2016\/03\/Schneider.jpg 357w\" sizes=\"auto, (max-width: 275px) 100vw, 275px\" \/><\/a><figcaption id=\"caption-attachment-313\" class=\"wp-caption-text\">Hannelore Schneider erh\u00e4lt ihre Urkunde f\u00fcr 40 Jahre Mitgliedschaft im Club von Beate Weldert.<\/figcaption><\/figure><br>\n<figure id=\"attachment_315\" aria-describedby=\"caption-attachment-315\" style=\"width: 290px\" class=\"wp-caption aligncenter\"><a href=\"https:\/\/www.gymnastik-club-dickschied.de\/?attachment_id=315\" rel=\"attachment wp-att-315\"><img loading=\"lazy\" decoding=\"async\" class=\"wp-image-315 size-medium\" src=\"https:\/\/www.gymnastik-club-dickschied.de\/wp-content\/uploads\/2016\/03\/IMG_0266-300x200.jpg\" alt=\"IMG_0266\" width=\"300\" height=\"200\" srcset=\"https:\/\/www.gymnastik-club-dickschied.de\/wp-content\/uploads\/2016\/03\/IMG_0266-300x200.jpg 300w, https:\/\/www.gymnastik-club-dickschied.de\/wp-content\/uploads\/2016\/03\/IMG_0266-768x511.jpg 768w, https:\/\/www.gymnastik-club-dickschied.de\/wp-content\/uploads\/2016\/03\/IMG_0266-1024x681.jpg 1024w, https:\/\/www.gymnastik-club-dickschied.de\/wp-content\/uploads\/2016\/03\/IMG_0266.jpg 1936w\" sizes=\"auto, (max-width: 300px) 100vw, 300px\" \/><\/a><figcaption id=\"caption-attachment-315\" class=\"wp-caption-text\">W\u00e4hrend des 40-j\u00e4hrigen Jubil\u00e4ums wurden folgende Mitglieder geehrt: 40 Jahre: Adrianna Kaltenegger, Brigitte Moseler, Hannelore Reichert und Marita Reichert 30 Jahre: Anna Gasser, Ute Gasser, Maria Koblenz und Beate Weldert 20 Jahre: Christa B\u00f6ttcher Die Ehrungen nahm Herr Manfred Schmidt vom Sportkreis Rheigau-Taunus-Kreis vor.<\/figcaption><\/figure><\/p>","protected":false},"excerpt":{"rendered":"<p>2020 2015<\/p>\n","protected":false},"author":4,"featured_media":0,"parent":239,"menu_order":2,"comment_status":"closed","ping_status":"closed","template":"","meta":{"ngg_post_thumbnail":0,"footnotes":""},"class_list":["post-310","page","type-page","status-publish"],"_links":{"self":[{"href":"https:\/\/www.gymnastik-club-dickschied.de\/index.php?rest_route=\/wp\/v2\/pages\/310","targetHints":{"allow":["GET"]}}],"collection":[{"href":"https:\/\/www.gymnastik-club-dickschied.de\/index.php?rest_route=\/wp\/v2\/pages"}],"about":[{"href":"https:\/\/www.gymnastik-club-dickschied.de\/index.php?rest_route=\/wp\/v2\/types\/page"}],"author":[{"embeddable":true,"href":"https:\/\/www.gymnastik-club-dickschied.de\/index.php?rest_route=\/wp\/v2\/users\/4"}],"replies":[{"embeddable":true,"href":"https:\/\/www.gymnastik-club-dickschied.de\/index.php?rest_route=%2Fwp%2Fv2%2Fcomments&post=310"}],"version-history":[{"count":8,"href":"https:\/\/www.gymnastik-club-dickschied.de\/index.php?rest_route=\/wp\/v2\/pages\/310\/revisions"}],"predecessor-version":[{"id":819,"href":"https:\/\/www.gymnastik-club-dickschied.de\/index.php?rest_route=\/wp\/v2\/pages\/310\/revisions\/819"}],"up":[{"embeddable":true,"href":"https:\/\/www.gymnastik-club-dickschied.de\/index.php?rest_route=\/wp\/v2\/pages\/239"}],"wp:attachment":[{"href":"https:\/\/www.gymnastik-club-dickschied.de\/index.php?rest_route=%2Fwp%2Fv2%2Fmedia&parent=310"}],"curies":[{"name":"wp","href":"https:\/\/api.w.org\/{rel}","templated":true}]}}