{"id":13,"date":"2015-05-11T16:08:06","date_gmt":"2015-05-11T16:08:06","guid":{"rendered":"https:\/\/www.gymnastik-club-dickschied.de\/?page_id=13"},"modified":"2015-07-21T09:27:36","modified_gmt":"2015-07-21T07:27:36","slug":"der-verein-stellt-sich-vor","status":"publish","type":"page","link":"https:\/\/www.gymnastik-club-dickschied.de\/?page_id=13","title":{"rendered":"Entstehungsgeschichte"},"content":{"rendered":"<p>Der Wunsch einiger Dickschieder Frauen, etwas f\u00fcr ihr Figur zu tun und nicht nur im Dorfgemeinschaftshaus an einer Tischtennisplatte anzustehen, f\u00fchrte zur Gr\u00fcndung des Vereins im Jahre 1973.<\/p>\n<p>Geturnt wurde unter Leitung von Gisela Mernberger und die Abwicklung der Gesch\u00e4fte erledigte Doris Weber, bis zur 1. Ordentlichen Mitgliederversammlung am 21.04.1975, wo auch die Satzung des Vereins in Kraft getreten ist.<\/p>\n<p>Der finanzielle Grundstock wurde durch Papiersammlungen in Hilgenroth und Dickschied erarbeitet. Tonnenweise Papier und Pappe wurde in der Scheune von Gerda Weldert gelagert, um es sp\u00e4ter zu verkaufen. Aus diesem Erl\u00f6s wurden die ersten Ger\u00e4te angeschafft und die Mitglieder schnitten aus gro\u00dfen Gummimatten, die sie g\u00fcnstig bei Karstadt erworben hatten, die ersten Gymnastikmatten.<\/p>\n<p>Heute finanziert sich der Verein \u00fcber Mitgliedsbeitr\u00e4ge, Zusch\u00fcsse und durch eigene Veranstaltungen wie Erdbeerfest (seit 1995), Fasching und Kerb.<\/p>\n<p>&nbsp;<\/p>\n<p>Weitere Infos \u00fcber Dickschied unter:\u00a0\u00a0\u00a0 <a href=\"http:\/\/www.dickschied.de\">http:\/\/www.dickschied.de<\/a><\/p>\n<p>&nbsp;<\/p>\n<p>&nbsp;<\/p>\n","protected":false},"excerpt":{"rendered":"<p>Der Wunsch einiger Dickschieder Frauen, etwas f\u00fcr ihr Figur zu tun und nicht nur im Dorfgemeinschaftshaus an einer Tischtennisplatte anzustehen, f\u00fchrte zur Gr\u00fcndung des Vereins im Jahre 1973. Geturnt wurde unter Leitung von Gisela Mernberger und die Abwicklung der Gesch\u00e4fte erledigte Doris Weber, bis zur 1. Ordentlichen Mitgliederversammlung am 21.04.1975, wo auch die Satzung des &#8230; <a title=\"Entstehungsgeschichte\" class=\"read-more\" href=\"https:\/\/www.gymnastik-club-dickschied.de\/?page_id=13\" aria-label=\"Mehr Informationen \u00fcber Entstehungsgeschichte\">Weiterlesen<\/a><\/p>\n","protected":false},"author":4,"featured_media":0,"parent":239,"menu_order":1,"comment_status":"closed","ping_status":"closed","template":"","meta":{"ngg_post_thumbnail":0,"footnotes":""},"class_list":["post-13","page","type-page","status-publish"],"_links":{"self":[{"href":"https:\/\/www.gymnastik-club-dickschied.de\/index.php?rest_route=\/wp\/v2\/pages\/13","targetHints":{"allow":["GET"]}}],"collection":[{"href":"https:\/\/www.gymnastik-club-dickschied.de\/index.php?rest_route=\/wp\/v2\/pages"}],"about":[{"href":"https:\/\/www.gymnastik-club-dickschied.de\/index.php?rest_route=\/wp\/v2\/types\/page"}],"author":[{"embeddable":true,"href":"https:\/\/www.gymnastik-club-dickschied.de\/index.php?rest_route=\/wp\/v2\/users\/4"}],"replies":[{"embeddable":true,"href":"https:\/\/www.gymnastik-club-dickschied.de\/index.php?rest_route=%2Fwp%2Fv2%2Fcomments&post=13"}],"version-history":[{"count":6,"href":"https:\/\/www.gymnastik-club-dickschied.de\/index.php?rest_route=\/wp\/v2\/pages\/13\/revisions"}],"predecessor-version":[{"id":1268,"href":"https:\/\/www.gymnastik-club-dickschied.de\/index.php?rest_route=\/wp\/v2\/pages\/13\/revisions\/1268"}],"up":[{"embeddable":true,"href":"https:\/\/www.gymnastik-club-dickschied.de\/index.php?rest_route=\/wp\/v2\/pages\/239"}],"wp:attachment":[{"href":"https:\/\/www.gymnastik-club-dickschied.de\/index.php?rest_route=%2Fwp%2Fv2%2Fmedia&parent=13"}],"curies":[{"name":"wp","href":"https:\/\/api.w.org\/{rel}","templated":true}]}}